{"id":92,"date":"2022-02-27T01:15:11","date_gmt":"2022-02-27T01:15:11","guid":{"rendered":"https:\/\/accueildesfamillessanmarco.fr\/?page_id=92"},"modified":"2025-07-01T08:47:34","modified_gmt":"2025-07-01T08:47:34","slug":"apporter-du-linge-accueil-des-familles-de-san-marco-maison-darret-de-corbas-epm","status":"publish","type":"page","link":"https:\/\/accueildesfamillessanmarco.fr\/?page_id=92","title":{"rendered":"Apporter du linge"},"content":{"rendered":"\t\t<div data-elementor-type=\"wp-page\" data-elementor-id=\"92\" class=\"elementor elementor-92\">\n\t\t\t\t\t\t\t\t\t<section class=\"elementor-section elementor-top-section elementor-element elementor-element-88f7f94 elementor-section-boxed elementor-section-height-default elementor-section-height-default elementor-invisible\" data-id=\"88f7f94\" data-element_type=\"section\" data-settings=\"{&quot;animation&quot;:&quot;fadeInUp&quot;}\">\n\t\t\t\t\t\t<div class=\"elementor-container elementor-column-gap-default\">\n\t\t\t\t\t<div class=\"elementor-column elementor-col-100 elementor-top-column elementor-element elementor-element-4d6c56a\" data-id=\"4d6c56a\" data-element_type=\"column\">\n\t\t\t<div class=\"elementor-widget-wrap elementor-element-populated\">\n\t\t\t\t\t\t\t\t<div class=\"elementor-element elementor-element-764af36 elementor-widget elementor-widget-heading\" data-id=\"764af36\" data-element_type=\"widget\" data-widget_type=\"heading.default\">\n\t\t\t\t<div class=\"elementor-widget-container\">\n\t\t\t<style>\/*! elementor - v3.18.0 - 20-12-2023 *\/\n.elementor-heading-title{padding:0;margin:0;line-height:1}.elementor-widget-heading .elementor-heading-title[class*=elementor-size-]>a{color:inherit;font-size:inherit;line-height:inherit}.elementor-widget-heading .elementor-heading-title.elementor-size-small{font-size:15px}.elementor-widget-heading .elementor-heading-title.elementor-size-medium{font-size:19px}.elementor-widget-heading .elementor-heading-title.elementor-size-large{font-size:29px}.elementor-widget-heading .elementor-heading-title.elementor-size-xl{font-size:39px}.elementor-widget-heading .elementor-heading-title.elementor-size-xxl{font-size:59px}<\/style><h2 class=\"elementor-heading-title elementor-size-default\">Apporter du linge<\/h2>\t\t<\/div>\n\t\t\t\t<\/div>\n\t\t\t\t<div class=\"elementor-element elementor-element-d4e7960 elementor-widget elementor-widget-text-editor\" data-id=\"d4e7960\" data-element_type=\"widget\" data-widget_type=\"text-editor.default\">\n\t\t\t\t<div class=\"elementor-widget-container\">\n\t\t\t<style>\/*! elementor - v3.18.0 - 20-12-2023 *\/\n.elementor-widget-text-editor.elementor-drop-cap-view-stacked .elementor-drop-cap{background-color:#69727d;color:#fff}.elementor-widget-text-editor.elementor-drop-cap-view-framed .elementor-drop-cap{color:#69727d;border:3px solid;background-color:transparent}.elementor-widget-text-editor:not(.elementor-drop-cap-view-default) .elementor-drop-cap{margin-top:8px}.elementor-widget-text-editor:not(.elementor-drop-cap-view-default) .elementor-drop-cap-letter{width:1em;height:1em}.elementor-widget-text-editor .elementor-drop-cap{float:left;text-align:center;line-height:1;font-size:50px}.elementor-widget-text-editor .elementor-drop-cap-letter{display:inline-block}<\/style>\t\t\t\t<p><b>Une seule fois par semaine.<\/b><\/p><p>Tout d\u00e9tenu a le droit de recevoir du linge.<\/p>\t\t\t\t\t\t<\/div>\n\t\t\t\t<\/div>\n\t\t\t\t<div class=\"elementor-element elementor-element-e2b18f0 elementor-widget elementor-widget-image\" data-id=\"e2b18f0\" data-element_type=\"widget\" data-widget_type=\"image.default\">\n\t\t\t\t<div class=\"elementor-widget-container\">\n\t\t\t<style>\/*! elementor - v3.18.0 - 20-12-2023 *\/\n.elementor-widget-image{text-align:center}.elementor-widget-image a{display:inline-block}.elementor-widget-image a img[src$=\".svg\"]{width:48px}.elementor-widget-image img{vertical-align:middle;display:inline-block}<\/style>\t\t\t\t\t\t\t\t\t\t\t\t<img fetchpriority=\"high\" decoding=\"async\" width=\"300\" height=\"225\" src=\"https:\/\/accueildesfamillessanmarco.fr\/wp-content\/uploads\/2022\/02\/IMG_3199-300x225.jpg\" class=\"attachment-medium size-medium wp-image-100\" alt=\"Sac pour apporter du linge\" srcset=\"https:\/\/accueildesfamillessanmarco.fr\/wp-content\/uploads\/2022\/02\/IMG_3199-300x225.jpg 300w, https:\/\/accueildesfamillessanmarco.fr\/wp-content\/uploads\/2022\/02\/IMG_3199-1024x768.jpg 1024w, https:\/\/accueildesfamillessanmarco.fr\/wp-content\/uploads\/2022\/02\/IMG_3199-768x576.jpg 768w, https:\/\/accueildesfamillessanmarco.fr\/wp-content\/uploads\/2022\/02\/IMG_3199-1536x1152.jpg 1536w, https:\/\/accueildesfamillessanmarco.fr\/wp-content\/uploads\/2022\/02\/IMG_3199.jpg 2048w\" sizes=\"(max-width: 300px) 100vw, 300px\" \/>\t\t\t\t\t\t\t\t\t\t\t\t\t\t\t<\/div>\n\t\t\t\t<\/div>\n\t\t\t\t\t<\/div>\n\t\t<\/div>\n\t\t\t\t\t\t\t<\/div>\n\t\t<\/section>\n\t\t\t\t<section class=\"elementor-section elementor-top-section elementor-element elementor-element-d5b7518 elementor-section-boxed elementor-section-height-default elementor-section-height-default\" data-id=\"d5b7518\" data-element_type=\"section\">\n\t\t\t\t\t\t<div class=\"elementor-container elementor-column-gap-default\">\n\t\t\t\t\t<div class=\"elementor-column elementor-col-50 elementor-top-column elementor-element elementor-element-893ad40 elementor-invisible\" data-id=\"893ad40\" data-element_type=\"column\" data-settings=\"{&quot;animation&quot;:&quot;fadeInLeft&quot;}\">\n\t\t\t<div class=\"elementor-widget-wrap elementor-element-populated\">\n\t\t\t\t\t\t\t\t<div class=\"elementor-element elementor-element-96448be elementor-widget elementor-widget-text-editor\" data-id=\"96448be\" data-element_type=\"widget\" data-widget_type=\"text-editor.default\">\n\t\t\t\t<div class=\"elementor-widget-container\">\n\t\t\t\t\t\t\t<h2>Maison d\u2019arr\u00eat de Corbas<\/h2>\t\t\t\t\t\t<\/div>\n\t\t\t\t<\/div>\n\t\t\t\t<div class=\"elementor-element elementor-element-66b799b elementor-widget elementor-widget-text-editor\" data-id=\"66b799b\" data-element_type=\"widget\" data-widget_type=\"text-editor.default\">\n\t\t\t\t<div class=\"elementor-widget-container\">\n\t\t\t\t\t\t\t<p><strong>Avant obtention du permis de visite<\/strong><\/p><p>Toute personne munie d\u2019une pi\u00e8ce d\u2019identit\u00e9 peut d\u00e9poser un sac de linge pour les d\u00e9tenus une fois par semaine.<\/p><p>Le linge doit \u00eatre dans un sac plastique avec fermeture \u00e9clair portant le nom, le pr\u00e9nom et le n\u00b0 d\u2019\u00e9crou du d\u00e9tenu.\u00a0<\/p><p>Se munir de sa carte d\u2019identit\u00e9 et d\u2019une copie de la CNI.\u00a0<\/p><p>Une liste est \u00e0 votre disposition \u00e0 l\u2019accueil San Marco.<\/p><p>Les sacs de linge sont r\u00e9cup\u00e9r\u00e9s par l\u2019Administration P\u00e9nitentiaire \u00e0 l\u2019accueil des familles de la maison d\u2019arr\u00eat du mardi au vendredi inclus de 8h30 \u00e0 10h00<\/p>\t\t\t\t\t\t<\/div>\n\t\t\t\t<\/div>\n\t\t\t\t<div class=\"elementor-element elementor-element-4a9d2e8 elementor-widget elementor-widget-text-editor\" data-id=\"4a9d2e8\" data-element_type=\"widget\" data-widget_type=\"text-editor.default\">\n\t\t\t\t<div class=\"elementor-widget-container\">\n\t\t\t\t\t\t\t<p><b>Avec parloir<\/b><\/p>\n<p>Lorsque vous avez obtenu votre permis de visite, vous devez alors apporter le sac de linge lors de votre venue au parloir.&nbsp;<\/p>\n<p><\/p>\n<p><b>Autre possibilit\u00e9 :<\/b><\/p>\n<p>Envoi par colis postal.<\/p>\t\t\t\t\t\t<\/div>\n\t\t\t\t<\/div>\n\t\t\t\t<div class=\"elementor-element elementor-element-4d3530d elementor-align-center elementor-widget elementor-widget-button\" data-id=\"4d3530d\" data-element_type=\"widget\" data-widget_type=\"button.default\">\n\t\t\t\t<div class=\"elementor-widget-container\">\n\t\t\t\t\t<div class=\"elementor-button-wrapper\">\n\t\t\t<a class=\"elementor-button elementor-button-link elementor-size-sm\" href=\"https:\/\/accueildesfamillessanmarco.fr\/?page_id=105#\">\n\t\t\t\t\t\t<span class=\"elementor-button-content-wrapper\">\n\t\t\t\t\t\t<span class=\"elementor-button-text\">Comment faire ?<\/span>\n\t\t<\/span>\n\t\t\t\t\t<\/a>\n\t\t<\/div>\n\t\t\t\t<\/div>\n\t\t\t\t<\/div>\n\t\t\t\t<div class=\"elementor-element elementor-element-2a6f93e elementor-widget elementor-widget-text-editor\" data-id=\"2a6f93e\" data-element_type=\"widget\" data-widget_type=\"text-editor.default\">\n\t\t\t\t<div class=\"elementor-widget-container\">\n\t\t\t\t\t\t\t<p><b>Sont interdits :<\/b><\/p>\n<p><\/p>\n<p>&#8211; Les v\u00eatements bleu marine, kaki et les imprim\u00e9s camouflage.<\/p>\n<p>&#8211; cagoules et capuches<\/p>\t\t\t\t\t\t<\/div>\n\t\t\t\t<\/div>\n\t\t\t\t\t<\/div>\n\t\t<\/div>\n\t\t\t\t<div class=\"elementor-column elementor-col-50 elementor-top-column elementor-element elementor-element-0079eeb elementor-invisible\" data-id=\"0079eeb\" data-element_type=\"column\" data-settings=\"{&quot;animation&quot;:&quot;fadeInRight&quot;}\">\n\t\t\t<div class=\"elementor-widget-wrap elementor-element-populated\">\n\t\t\t\t\t\t\t\t<div class=\"elementor-element elementor-element-d2a3f58 elementor-widget elementor-widget-text-editor\" data-id=\"d2a3f58\" data-element_type=\"widget\" data-widget_type=\"text-editor.default\">\n\t\t\t\t<div class=\"elementor-widget-container\">\n\t\t\t\t\t\t\t<h2>EPM<\/h2>\t\t\t\t\t\t<\/div>\n\t\t\t\t<\/div>\n\t\t\t\t<div class=\"elementor-element elementor-element-63f7573 elementor-widget elementor-widget-text-editor\" data-id=\"63f7573\" data-element_type=\"widget\" data-widget_type=\"text-editor.default\">\n\t\t\t\t<div class=\"elementor-widget-container\">\n\t\t\t\t\t\t\t<p>Un trousseau est d\u00e9pos\u00e9 au moment de l\u2019entr\u00e9e en d\u00e9tention (liste fournie par l\u2019EPM).<\/p>\n<p><\/p>\n<p>Un compl\u00e9ment de trousseau peut \u00eatre accord\u00e9 apr\u00e8s autorisation \u00e0 demander au bureau de la gestion de la d\u00e9tention.<\/p>\t\t\t\t\t\t<\/div>\n\t\t\t\t<\/div>\n\t\t\t\t\t<\/div>\n\t\t<\/div>\n\t\t\t\t\t\t\t<\/div>\n\t\t<\/section>\n\t\t\t\t<section class=\"elementor-section elementor-top-section elementor-element elementor-element-03ab4a3 elementor-section-boxed elementor-section-height-default elementor-section-height-default\" data-id=\"03ab4a3\" data-element_type=\"section\">\n\t\t\t\t\t\t<div class=\"elementor-container elementor-column-gap-default\">\n\t\t\t\t\t<div class=\"elementor-column elementor-col-100 elementor-top-column elementor-element elementor-element-3e52d45\" data-id=\"3e52d45\" data-element_type=\"column\">\n\t\t\t<div class=\"elementor-widget-wrap elementor-element-populated\">\n\t\t\t\t\t\t\t\t<div class=\"elementor-element elementor-element-afbcaad elementor-widget elementor-widget-heading\" data-id=\"afbcaad\" data-element_type=\"widget\" data-widget_type=\"heading.default\">\n\t\t\t\t<div class=\"elementor-widget-container\">\n\t\t\t<h3 class=\"elementor-heading-title elementor-size-default\">Liste de v\u00eatements autoris\u00e9s par sac <br>pour la Maison d'Arr\u00eat de Corbas<\/h3>\t\t<\/div>\n\t\t\t\t<\/div>\n\t\t\t\t<div class=\"elementor-element elementor-element-dfea700 elementor-widget elementor-widget-text-editor\" data-id=\"dfea700\" data-element_type=\"widget\" data-widget_type=\"text-editor.default\">\n\t\t\t\t<div class=\"elementor-widget-container\">\n\t\t\t\t\t\t\t<p><strong>Linge :<\/strong><\/p>\n<ul>\n<li>1 v\u00eatement permettant une pratique religieuse<\/li>\n<li>1 tapis de pri\u00e8re non matelass\u00e9<\/li>\n<li>1 pyjama<\/li>\n<li>9 sous-v\u00eatements<\/li>\n<li>9 hauts<\/li>\n<li>5 bas<\/li>\n<li>2 serviettes de maximum 1 m<\/li>\n<li>2 serviettes de maximum 1m50<\/li>\n<li>2 gants de toilettes<\/li>\n<li>1 peignoir de bain sans capuche<\/li>\n<li>2 torchons<\/li>\n<li>7 mouchoirs en tissu<\/li>\n<\/ul><div><br><\/div>\n<p><strong>Saisonnier :<\/strong><\/p>\n<p><strong>L&rsquo;hiver<\/strong><\/p>\n<ul>\n<li>1 bonnet<\/li>\n<li>1 blouson\/manteau sans capuche<\/li>\n<\/ul>\n<p><strong>L&rsquo;\u00e9t\u00e9<\/strong><\/p>\n<ul>\n<li>1 casquette ou bob<\/li>\n<\/ul>\n<div>&nbsp;<\/div>\n<div>&nbsp;<\/div>\n<div><b>Divers :&nbsp;<\/b><\/div>\n<div><b><br><\/b><\/div>\n<ul>\n<li>1 jeu de soci\u00e9t\u00e9 ne comprenant pas de parties m\u00e9talliques de plus de 10 cm ni d&rsquo;objets interdits<\/li>\n<li>5 livres ou revues avec d\u00e9p\u00f4t l\u00e9gal et ISBN<\/li>\n<li>5 CD ou DVD neufs sous blister<\/li>\n<\/ul>\t\t\t\t\t\t<\/div>\n\t\t\t\t<\/div>\n\t\t\t\t\t<\/div>\n\t\t<\/div>\n\t\t\t\t\t\t\t<\/div>\n\t\t<\/section>\n\t\t\t\t\t\t\t<\/div>\n\t\t","protected":false},"excerpt":{"rendered":"<p>Apporter du linge Une seule fois par semaine. Tout d\u00e9tenu a le droit de recevoir du linge. Maison d\u2019arr\u00eat de Corbas Avant obtention du permis de visite Toute personne munie d\u2019une pi\u00e8ce d\u2019identit\u00e9 peut d\u00e9poser un sac de linge pour les d\u00e9tenus une fois par semaine. Le linge doit \u00eatre dans un sac plastique avec [&hellip;]<\/p>\n","protected":false},"author":1,"featured_media":100,"parent":0,"menu_order":0,"comment_status":"closed","ping_status":"closed","template":"","meta":{"om_disable_all_campaigns":false,"_monsterinsights_skip_tracking":false,"_monsterinsights_sitenote_active":false,"_monsterinsights_sitenote_note":"","_monsterinsights_sitenote_category":0,"footnotes":""},"class_list":["post-92","page","type-page","status-publish","has-post-thumbnail","hentry"],"_links":{"self":[{"href":"https:\/\/accueildesfamillessanmarco.fr\/index.php?rest_route=\/wp\/v2\/pages\/92","targetHints":{"allow":["GET"]}}],"collection":[{"href":"https:\/\/accueildesfamillessanmarco.fr\/index.php?rest_route=\/wp\/v2\/pages"}],"about":[{"href":"https:\/\/accueildesfamillessanmarco.fr\/index.php?rest_route=\/wp\/v2\/types\/page"}],"author":[{"embeddable":true,"href":"https:\/\/accueildesfamillessanmarco.fr\/index.php?rest_route=\/wp\/v2\/users\/1"}],"replies":[{"embeddable":true,"href":"https:\/\/accueildesfamillessanmarco.fr\/index.php?rest_route=%2Fwp%2Fv2%2Fcomments&post=92"}],"version-history":[{"count":112,"href":"https:\/\/accueildesfamillessanmarco.fr\/index.php?rest_route=\/wp\/v2\/pages\/92\/revisions"}],"predecessor-version":[{"id":979,"href":"https:\/\/accueildesfamillessanmarco.fr\/index.php?rest_route=\/wp\/v2\/pages\/92\/revisions\/979"}],"wp:featuredmedia":[{"embeddable":true,"href":"https:\/\/accueildesfamillessanmarco.fr\/index.php?rest_route=\/wp\/v2\/media\/100"}],"wp:attachment":[{"href":"https:\/\/accueildesfamillessanmarco.fr\/index.php?rest_route=%2Fwp%2Fv2%2Fmedia&parent=92"}],"curies":[{"name":"wp","href":"https:\/\/api.w.org\/{rel}","templated":true}]}}