{"id":113,"date":"2022-02-27T01:26:40","date_gmt":"2022-02-27T01:26:40","guid":{"rendered":"https:\/\/accueildesfamillessanmarco.fr\/?page_id=113"},"modified":"2024-08-16T12:19:54","modified_gmt":"2024-08-16T12:19:54","slug":"adresses-telephone-utiles-maison-darret-de-corbas-epm-accueil-des-familles-de-san-marco","status":"publish","type":"page","link":"https:\/\/accueildesfamillessanmarco.fr\/?page_id=113","title":{"rendered":"Adresses et t\u00e9l\u00e9phones utiles"},"content":{"rendered":"\t\t<div data-elementor-type=\"wp-page\" data-elementor-id=\"113\" class=\"elementor elementor-113\">\n\t\t\t\t\t\t\t\t\t<section class=\"elementor-section elementor-top-section elementor-element elementor-element-ad5eec4 elementor-section-boxed elementor-section-height-default elementor-section-height-default\" data-id=\"ad5eec4\" data-element_type=\"section\">\n\t\t\t\t\t\t<div class=\"elementor-container elementor-column-gap-default\">\n\t\t\t\t\t<div class=\"elementor-column elementor-col-100 elementor-top-column elementor-element elementor-element-61376df\" data-id=\"61376df\" data-element_type=\"column\">\n\t\t\t<div class=\"elementor-widget-wrap elementor-element-populated\">\n\t\t\t\t\t\t\t\t<div class=\"elementor-element elementor-element-d848022 elementor-widget elementor-widget-heading\" data-id=\"d848022\" data-element_type=\"widget\" data-widget_type=\"heading.default\">\n\t\t\t\t<div class=\"elementor-widget-container\">\n\t\t\t<style>\/*! elementor - v3.18.0 - 20-12-2023 *\/\n.elementor-heading-title{padding:0;margin:0;line-height:1}.elementor-widget-heading .elementor-heading-title[class*=elementor-size-]>a{color:inherit;font-size:inherit;line-height:inherit}.elementor-widget-heading .elementor-heading-title.elementor-size-small{font-size:15px}.elementor-widget-heading .elementor-heading-title.elementor-size-medium{font-size:19px}.elementor-widget-heading .elementor-heading-title.elementor-size-large{font-size:29px}.elementor-widget-heading .elementor-heading-title.elementor-size-xl{font-size:39px}.elementor-widget-heading .elementor-heading-title.elementor-size-xxl{font-size:59px}<\/style><h2 class=\"elementor-heading-title elementor-size-default\">Liste des t\u00e9l\u00e9phones et adresses qui pourraient vous \u00eatre utiles<\/h2>\t\t<\/div>\n\t\t\t\t<\/div>\n\t\t\t\t\t<\/div>\n\t\t<\/div>\n\t\t\t\t\t\t\t<\/div>\n\t\t<\/section>\n\t\t\t\t<section class=\"elementor-section elementor-top-section elementor-element elementor-element-cef0659 elementor-section-boxed elementor-section-height-default elementor-section-height-default\" data-id=\"cef0659\" data-element_type=\"section\">\n\t\t\t\t\t\t<div class=\"elementor-container elementor-column-gap-default\">\n\t\t\t\t\t<div class=\"elementor-column elementor-col-50 elementor-top-column elementor-element elementor-element-6fcdbe3 elementor-invisible\" data-id=\"6fcdbe3\" data-element_type=\"column\" data-settings=\"{&quot;animation&quot;:&quot;fadeInLeft&quot;}\">\n\t\t\t<div class=\"elementor-widget-wrap elementor-element-populated\">\n\t\t\t\t\t\t\t\t<div class=\"elementor-element elementor-element-49af487 elementor-widget elementor-widget-text-editor\" data-id=\"49af487\" data-element_type=\"widget\" data-widget_type=\"text-editor.default\">\n\t\t\t\t<div class=\"elementor-widget-container\">\n\t\t\t<style>\/*! elementor - v3.18.0 - 20-12-2023 *\/\n.elementor-widget-text-editor.elementor-drop-cap-view-stacked .elementor-drop-cap{background-color:#69727d;color:#fff}.elementor-widget-text-editor.elementor-drop-cap-view-framed .elementor-drop-cap{color:#69727d;border:3px solid;background-color:transparent}.elementor-widget-text-editor:not(.elementor-drop-cap-view-default) .elementor-drop-cap{margin-top:8px}.elementor-widget-text-editor:not(.elementor-drop-cap-view-default) .elementor-drop-cap-letter{width:1em;height:1em}.elementor-widget-text-editor .elementor-drop-cap{float:left;text-align:center;line-height:1;font-size:50px}.elementor-widget-text-editor .elementor-drop-cap-letter{display:inline-block}<\/style>\t\t\t\t<h3>Maison d&rsquo;arr\u00eat de Corbas<\/h3>\t\t\t\t\t\t<\/div>\n\t\t\t\t<\/div>\n\t\t\t\t<div class=\"elementor-element elementor-element-e92af20 elementor-widget elementor-widget-image\" data-id=\"e92af20\" data-element_type=\"widget\" data-widget_type=\"image.default\">\n\t\t\t\t<div class=\"elementor-widget-container\">\n\t\t\t<style>\/*! elementor - v3.18.0 - 20-12-2023 *\/\n.elementor-widget-image{text-align:center}.elementor-widget-image a{display:inline-block}.elementor-widget-image a img[src$=\".svg\"]{width:48px}.elementor-widget-image img{vertical-align:middle;display:inline-block}<\/style>\t\t\t\t\t\t\t\t\t\t\t\t<img fetchpriority=\"high\" decoding=\"async\" width=\"800\" height=\"600\" src=\"https:\/\/accueildesfamillessanmarco.fr\/wp-content\/uploads\/2022\/02\/Image-4-1024x768.png\" class=\"attachment-large size-large wp-image-122\" alt=\"Maison d&#039;arr\u00eat de Lyon Corbas\" srcset=\"https:\/\/accueildesfamillessanmarco.fr\/wp-content\/uploads\/2022\/02\/Image-4-1024x768.png 1024w, https:\/\/accueildesfamillessanmarco.fr\/wp-content\/uploads\/2022\/02\/Image-4-300x225.png 300w, https:\/\/accueildesfamillessanmarco.fr\/wp-content\/uploads\/2022\/02\/Image-4-768x576.png 768w, https:\/\/accueildesfamillessanmarco.fr\/wp-content\/uploads\/2022\/02\/Image-4.png 1280w\" sizes=\"(max-width: 800px) 100vw, 800px\" \/>\t\t\t\t\t\t\t\t\t\t\t\t\t\t\t<\/div>\n\t\t\t\t<\/div>\n\t\t\t\t<div class=\"elementor-element elementor-element-fcb00b3 elementor-widget elementor-widget-text-editor\" data-id=\"fcb00b3\" data-element_type=\"widget\" data-widget_type=\"text-editor.default\">\n\t\t\t\t<div class=\"elementor-widget-container\">\n\t\t\t\t\t\t\t<p>40 Boulevard des Nations<\/p><p>BP 351<\/p><p>69962 Corbas Cedex<\/p><p>t\u00e9l\u00e9phone :\u00a0<a href=\"http:\/\/tel:04 72 48 35 50\">04 72 48 35 50<\/a><\/p>\t\t\t\t\t\t<\/div>\n\t\t\t\t<\/div>\n\t\t\t\t<div class=\"elementor-element elementor-element-a600c04 elementor-widget elementor-widget-text-editor\" data-id=\"a600c04\" data-element_type=\"widget\" data-widget_type=\"text-editor.default\">\n\t\t\t\t<div class=\"elementor-widget-container\">\n\t\t\t\t\t\t\t<p><b>SPIP (Services P\u00e9nitentiaire d\u2019Insertion et de Probation)<\/b><\/p><p><b>\u00a0<\/b><\/p><p>Lundi, mercredi, vendredi 9h &#8211; 12h<\/p><p>Mardi, jeudi 14h &#8211; 16h<\/p><p>t\u00e9l\u00e9phone : <a href=\"http:\/\/tel:04 72 48 35 85\">04 72 48 35 85<\/a><\/p>\t\t\t\t\t\t<\/div>\n\t\t\t\t<\/div>\n\t\t\t\t\t<\/div>\n\t\t<\/div>\n\t\t\t\t<div class=\"elementor-column elementor-col-50 elementor-top-column elementor-element elementor-element-29f78b1 elementor-invisible\" data-id=\"29f78b1\" data-element_type=\"column\" data-settings=\"{&quot;animation&quot;:&quot;fadeInRight&quot;}\">\n\t\t\t<div class=\"elementor-widget-wrap elementor-element-populated\">\n\t\t\t\t\t\t\t\t<div class=\"elementor-element elementor-element-bd6f73e elementor-widget elementor-widget-text-editor\" data-id=\"bd6f73e\" data-element_type=\"widget\" data-widget_type=\"text-editor.default\">\n\t\t\t\t<div class=\"elementor-widget-container\">\n\t\t\t\t\t\t\t<h3>EPM<\/h3>\t\t\t\t\t\t<\/div>\n\t\t\t\t<\/div>\n\t\t\t\t<div class=\"elementor-element elementor-element-da8c067 elementor-widget elementor-widget-image\" data-id=\"da8c067\" data-element_type=\"widget\" data-widget_type=\"image.default\">\n\t\t\t\t<div class=\"elementor-widget-container\">\n\t\t\t\t\t\t\t\t\t\t\t\t\t\t\t<img decoding=\"async\" width=\"800\" height=\"600\" src=\"https:\/\/accueildesfamillessanmarco.fr\/wp-content\/uploads\/2022\/02\/IMG_3202-1024x768.jpg\" class=\"attachment-large size-large wp-image-36\" alt=\"Maison des familles de l&#039;\u00e9tablissement pour mineurs de meyzieu\" srcset=\"https:\/\/accueildesfamillessanmarco.fr\/wp-content\/uploads\/2022\/02\/IMG_3202-1024x768.jpg 1024w, https:\/\/accueildesfamillessanmarco.fr\/wp-content\/uploads\/2022\/02\/IMG_3202-300x225.jpg 300w, https:\/\/accueildesfamillessanmarco.fr\/wp-content\/uploads\/2022\/02\/IMG_3202-768x576.jpg 768w, https:\/\/accueildesfamillessanmarco.fr\/wp-content\/uploads\/2022\/02\/IMG_3202-1536x1152.jpg 1536w, https:\/\/accueildesfamillessanmarco.fr\/wp-content\/uploads\/2022\/02\/IMG_3202-2048x1536.jpg 2048w\" sizes=\"(max-width: 800px) 100vw, 800px\" \/>\t\t\t\t\t\t\t\t\t\t\t\t\t\t\t<\/div>\n\t\t\t\t<\/div>\n\t\t\t\t<div class=\"elementor-element elementor-element-eb99107 elementor-widget elementor-widget-text-editor\" data-id=\"eb99107\" data-element_type=\"widget\" data-widget_type=\"text-editor.default\">\n\t\t\t\t<div class=\"elementor-widget-container\">\n\t\t\t\t\t\t\t<p>1 Rue du Rambion<\/p><p>69330 Meyzieu<\/p><p>R\u00e9servation des parloirs<\/p><div>t\u00e9l\u00e9phone :<a href=\"tel:04 72 48 35 85\" target=\"_blank\" rel=\"noopener\">\u00a004 72 45 32 71<\/a><\/div>\t\t\t\t\t\t<\/div>\n\t\t\t\t<\/div>\n\t\t\t\t\t<\/div>\n\t\t<\/div>\n\t\t\t\t\t\t\t<\/div>\n\t\t<\/section>\n\t\t\t\t<section class=\"elementor-section elementor-top-section elementor-element elementor-element-57b9a4e elementor-section-boxed elementor-section-height-default elementor-section-height-default\" data-id=\"57b9a4e\" data-element_type=\"section\">\n\t\t\t\t\t\t<div class=\"elementor-container elementor-column-gap-default\">\n\t\t\t\t\t<div class=\"elementor-column elementor-col-100 elementor-top-column elementor-element elementor-element-c0ffd17\" data-id=\"c0ffd17\" data-element_type=\"column\">\n\t\t\t<div class=\"elementor-widget-wrap elementor-element-populated\">\n\t\t\t\t\t\t\t\t<div class=\"elementor-element elementor-element-de77bf4 elementor-view-default elementor-widget elementor-widget-icon\" data-id=\"de77bf4\" data-element_type=\"widget\" data-widget_type=\"icon.default\">\n\t\t\t\t<div class=\"elementor-widget-container\">\n\t\t\t\t\t<div class=\"elementor-icon-wrapper\">\n\t\t\t<div class=\"elementor-icon\">\n\t\t\t<i aria-hidden=\"true\" class=\"fas fa-clinic-medical\"><\/i>\t\t\t<\/div>\n\t\t<\/div>\n\t\t\t\t<\/div>\n\t\t\t\t<\/div>\n\t\t\t\t<div class=\"elementor-element elementor-element-f5576d2 elementor-widget elementor-widget-text-editor\" data-id=\"f5576d2\" data-element_type=\"widget\" data-widget_type=\"text-editor.default\">\n\t\t\t\t<div class=\"elementor-widget-container\">\n\t\t\t\t\t\t\t<h2>Hopitaux<\/h2>\t\t\t\t\t\t<\/div>\n\t\t\t\t<\/div>\n\t\t\t\t\t<\/div>\n\t\t<\/div>\n\t\t\t\t\t\t\t<\/div>\n\t\t<\/section>\n\t\t\t\t<section class=\"elementor-section elementor-top-section elementor-element elementor-element-9f67865 elementor-section-boxed elementor-section-height-default elementor-section-height-default\" data-id=\"9f67865\" data-element_type=\"section\">\n\t\t\t\t\t\t<div class=\"elementor-container elementor-column-gap-default\">\n\t\t\t\t\t<div class=\"elementor-column elementor-col-50 elementor-top-column elementor-element elementor-element-87b8d32 elementor-invisible\" data-id=\"87b8d32\" data-element_type=\"column\" data-settings=\"{&quot;animation&quot;:&quot;fadeInLeft&quot;}\">\n\t\t\t<div class=\"elementor-widget-wrap elementor-element-populated\">\n\t\t\t\t\t\t\t\t<div class=\"elementor-element elementor-element-efaea77 elementor-widget elementor-widget-text-editor\" data-id=\"efaea77\" data-element_type=\"widget\" data-widget_type=\"text-editor.default\">\n\t\t\t\t<div class=\"elementor-widget-container\">\n\t\t\t\t\t\t\t<p>UHSI &#8211; H\u00f4pital\u00a0 Jules Courmont<\/p><p>(Unit\u00e9s Hospitali\u00e8res S\u00e9curis\u00e9es Interr\u00e9gionales)<\/p><p>Secr\u00e9tariat : <a href=\"tel:+33478861155\">04 78 86 11 55<\/a><\/p><p>t\u00e9l\u00e9phone : <span style=\"font-family: var( --e-global-typography-text-font-family ), Sans-serif;\"><span style=\"font-weight: var( --e-global-typography-text-font-weight ); background-color: #ffffff; font-size: 1rem;\"><a href=\"http:\/\/tel:04 78 56 90 96\">04 78 56 90 96<\/a><\/span><\/span>\u00a0(r\u00e9servation parloirs)<\/p>\t\t\t\t\t\t<\/div>\n\t\t\t\t<\/div>\n\t\t\t\t\t<\/div>\n\t\t<\/div>\n\t\t\t\t<div class=\"elementor-column elementor-col-50 elementor-top-column elementor-element elementor-element-fc8033c elementor-invisible\" data-id=\"fc8033c\" data-element_type=\"column\" data-settings=\"{&quot;animation&quot;:&quot;fadeInRight&quot;}\">\n\t\t\t<div class=\"elementor-widget-wrap elementor-element-populated\">\n\t\t\t\t\t\t\t\t<div class=\"elementor-element elementor-element-e6f6771 elementor-widget elementor-widget-text-editor\" data-id=\"e6f6771\" data-element_type=\"widget\" data-widget_type=\"text-editor.default\">\n\t\t\t\t<div class=\"elementor-widget-container\">\n\t\t\t\t\t\t\t<p>UHSA &#8211; H\u00f4pital Le Vinatier<\/p>\n<p>(Unit\u00e9 Hospitali\u00e8re Sp\u00e9cialement Am\u00e9nag\u00e9e)<\/p>\n<p>Secr\u00e9tariat : <a href=\"tel:+33437915200\">04 37 91 52 00<\/a><\/p>\n<p>t\u00e9l\u00e9phone : <span style=\"font-family: var( --e-global-typography-text-font-family ), Sans-serif;\"><span style=\"font-weight: var( --e-global-typography-text-font-weight ); background-color: #ffffff; font-size: 1rem;\"><a href=\"http:\/\/tel:04 78 76 71 71\">04 78 76 71 71<\/a><\/span><\/span>&nbsp;(r\u00e9servation parloirs)<\/p>\t\t\t\t\t\t<\/div>\n\t\t\t\t<\/div>\n\t\t\t\t\t<\/div>\n\t\t<\/div>\n\t\t\t\t\t\t\t<\/div>\n\t\t<\/section>\n\t\t\t\t<section class=\"elementor-section elementor-top-section elementor-element elementor-element-4483e0c elementor-section-boxed elementor-section-height-default elementor-section-height-default\" data-id=\"4483e0c\" data-element_type=\"section\">\n\t\t\t\t\t\t<div class=\"elementor-container elementor-column-gap-default\">\n\t\t\t\t\t<div class=\"elementor-column elementor-col-33 elementor-top-column elementor-element elementor-element-cb5e0f7 elementor-invisible\" data-id=\"cb5e0f7\" data-element_type=\"column\" data-settings=\"{&quot;animation&quot;:&quot;fadeInLeft&quot;}\">\n\t\t\t<div class=\"elementor-widget-wrap elementor-element-populated\">\n\t\t\t\t\t\t\t\t<div class=\"elementor-element elementor-element-12915fd elementor-widget elementor-widget-text-editor\" data-id=\"12915fd\" data-element_type=\"widget\" data-widget_type=\"text-editor.default\">\n\t\t\t\t<div class=\"elementor-widget-container\">\n\t\t\t\t\t\t\t<h4>Tribunal Judiciaire<\/h4>\t\t\t\t\t\t<\/div>\n\t\t\t\t<\/div>\n\t\t\t\t<div class=\"elementor-element elementor-element-e1bc12e elementor-widget elementor-widget-text-editor\" data-id=\"e1bc12e\" data-element_type=\"widget\" data-widget_type=\"text-editor.default\">\n\t\t\t\t<div class=\"elementor-widget-container\">\n\t\t\t\t\t\t\t<p>67, Rue Servient<\/p><p>69003 Lyon<\/p><p>t\u00e9l\u00e9phone : <a href=\"http:\/\/tel:04 72 60 73 00\">04 72 60 73 00<\/a><\/p>\t\t\t\t\t\t<\/div>\n\t\t\t\t<\/div>\n\t\t\t\t\t<\/div>\n\t\t<\/div>\n\t\t\t\t<div class=\"elementor-column elementor-col-33 elementor-top-column elementor-element elementor-element-bc6b046 elementor-invisible\" data-id=\"bc6b046\" data-element_type=\"column\" data-settings=\"{&quot;animation&quot;:&quot;fadeInUp&quot;}\">\n\t\t\t<div class=\"elementor-widget-wrap elementor-element-populated\">\n\t\t\t\t\t\t\t\t<div class=\"elementor-element elementor-element-73c47e4 elementor-widget elementor-widget-text-editor\" data-id=\"73c47e4\" data-element_type=\"widget\" data-widget_type=\"text-editor.default\">\n\t\t\t\t<div class=\"elementor-widget-container\">\n\t\t\t\t\t\t\t<h4>Maison des Avocats<\/h4>\t\t\t\t\t\t<\/div>\n\t\t\t\t<\/div>\n\t\t\t\t<div class=\"elementor-element elementor-element-e157160 elementor-widget elementor-widget-text-editor\" data-id=\"e157160\" data-element_type=\"widget\" data-widget_type=\"text-editor.default\">\n\t\t\t\t<div class=\"elementor-widget-container\">\n\t\t\t\t\t\t\t<p>176 rue de Crequi<\/p><p>69003 Lyon<\/p><p>t\u00e9l\u00e9phone : <a href=\"http:\/\/tel:04 72 60 60 00\">04 72 60 60 00<\/a><\/p>\t\t\t\t\t\t<\/div>\n\t\t\t\t<\/div>\n\t\t\t\t\t<\/div>\n\t\t<\/div>\n\t\t\t\t<div class=\"elementor-column elementor-col-33 elementor-top-column elementor-element elementor-element-7170c20 elementor-invisible\" data-id=\"7170c20\" data-element_type=\"column\" data-settings=\"{&quot;animation&quot;:&quot;fadeInRight&quot;}\">\n\t\t\t<div class=\"elementor-widget-wrap elementor-element-populated\">\n\t\t\t\t\t\t\t\t<div class=\"elementor-element elementor-element-2f7447e elementor-widget elementor-widget-text-editor\" data-id=\"2f7447e\" data-element_type=\"widget\" data-widget_type=\"text-editor.default\">\n\t\t\t\t<div class=\"elementor-widget-container\">\n\t\t\t\t\t\t\t<h4>Cours d&rsquo;Appel<\/h4>\t\t\t\t\t\t<\/div>\n\t\t\t\t<\/div>\n\t\t\t\t<div class=\"elementor-element elementor-element-a5f2e67 elementor-widget elementor-widget-text-editor\" data-id=\"a5f2e67\" data-element_type=\"widget\" data-widget_type=\"text-editor.default\">\n\t\t\t\t<div class=\"elementor-widget-container\">\n\t\t\t\t\t\t\t<p>1, Rue du Palais de Justice<\/p>\n<p>69005 Lyon<\/p>\n<p>t\u00e9l\u00e9phone :<a href=\"http:\/\/04 72 77 30 30\" target=\"_blank\" rel=\"noopener\"> <\/a><a href=\"http:\/\/tel:04 72 77 30 30\">04 72 77 30 30<\/a><\/p>\t\t\t\t\t\t<\/div>\n\t\t\t\t<\/div>\n\t\t\t\t\t<\/div>\n\t\t<\/div>\n\t\t\t\t\t\t\t<\/div>\n\t\t<\/section>\n\t\t\t\t\t\t\t<\/div>\n\t\t","protected":false},"excerpt":{"rendered":"<p>Liste des t\u00e9l\u00e9phones et adresses qui pourraient vous \u00eatre utiles Maison d&rsquo;arr\u00eat de Corbas 40 Boulevard des Nations BP 351 69962 Corbas Cedex t\u00e9l\u00e9phone :\u00a004 72 48 35 50 SPIP (Services P\u00e9nitentiaire d\u2019Insertion et de Probation) \u00a0 Lundi, mercredi, vendredi 9h &#8211; 12h Mardi, jeudi 14h &#8211; 16h t\u00e9l\u00e9phone : 04 72 48 35 85 [&hellip;]<\/p>\n","protected":false},"author":1,"featured_media":36,"parent":0,"menu_order":0,"comment_status":"closed","ping_status":"closed","template":"","meta":{"om_disable_all_campaigns":false,"_monsterinsights_skip_tracking":false,"_monsterinsights_sitenote_active":false,"_monsterinsights_sitenote_note":"","_monsterinsights_sitenote_category":0,"footnotes":""},"class_list":["post-113","page","type-page","status-publish","has-post-thumbnail","hentry"],"_links":{"self":[{"href":"https:\/\/accueildesfamillessanmarco.fr\/index.php?rest_route=\/wp\/v2\/pages\/113","targetHints":{"allow":["GET"]}}],"collection":[{"href":"https:\/\/accueildesfamillessanmarco.fr\/index.php?rest_route=\/wp\/v2\/pages"}],"about":[{"href":"https:\/\/accueildesfamillessanmarco.fr\/index.php?rest_route=\/wp\/v2\/types\/page"}],"author":[{"embeddable":true,"href":"https:\/\/accueildesfamillessanmarco.fr\/index.php?rest_route=\/wp\/v2\/users\/1"}],"replies":[{"embeddable":true,"href":"https:\/\/accueildesfamillessanmarco.fr\/index.php?rest_route=%2Fwp%2Fv2%2Fcomments&post=113"}],"version-history":[{"count":106,"href":"https:\/\/accueildesfamillessanmarco.fr\/index.php?rest_route=\/wp\/v2\/pages\/113\/revisions"}],"predecessor-version":[{"id":966,"href":"https:\/\/accueildesfamillessanmarco.fr\/index.php?rest_route=\/wp\/v2\/pages\/113\/revisions\/966"}],"wp:featuredmedia":[{"embeddable":true,"href":"https:\/\/accueildesfamillessanmarco.fr\/index.php?rest_route=\/wp\/v2\/media\/36"}],"wp:attachment":[{"href":"https:\/\/accueildesfamillessanmarco.fr\/index.php?rest_route=%2Fwp%2Fv2%2Fmedia&parent=113"}],"curies":[{"name":"wp","href":"https:\/\/api.w.org\/{rel}","templated":true}]}}